{"id":129,"date":"2023-02-01T22:14:27","date_gmt":"2023-02-01T22:14:27","guid":{"rendered":"http:\/\/www.bagenni.com.tr\/?page_id=129"},"modified":"2023-03-09T20:24:51","modified_gmt":"2023-03-09T20:24:51","slug":"contact","status":"publish","type":"page","link":"https:\/\/www.bagenni.com.tr\/en\/contact\/","title":{"rendered":"Contact"},"content":{"rendered":"\n\t<section class=\"section\" id=\"section_1341537630\">\n\t\t<div class=\"bg section-bg fill bg-fill  \" >\n\n\t\t\t\n\t\t\t\n\t\t\t\n\n\t\t<\/div>\n\n\t\t\n\n\t\t<div class=\"section-content relative\">\n\t\t\t\n\n<div class=\"row\"  id=\"row-285272960\">\n\n\n\t<div id=\"col-1099460457\" class=\"col medium-6 small-12 large-6\"  >\n\t\t\t\t<div class=\"col-inner dark\"  >\n\t\t\t\n\t\t\t\n\n<h3>CKS GIDA \u00dcR\u00dcNLER\u0130 L\u0130MiTED \u015e\u0130RKET\u0130<\/h3>\n<p>\nFERHATPA\u015eA MAH. 77. SOKAK NO : 64\/1<br \/>\nATA\u015eEH\u0130R &#8211; \u0130STANBUL \/ T\u00dcRK\u0130YE<br \/>\nT: +90 216 394 54 18<br \/>\n<a href=\"mailto:info@cksfood.com.tr\">info@cksfood.com.tr<\/a><\/p>\n\n\t\t<\/div>\n\t\t\t\t\t<\/div>\n\n\t\n\n\t<div id=\"col-135991773\" class=\"col map small-12 large-12\"  >\n\t\t\t\t<div class=\"col-inner\"  >\n\t\t\t\n\t<div class=\"is-border\"\n\t\tstyle=\"border-radius:20px;border-width:1px 1px 1px 1px;\">\n\t<\/div>\n\t\t\t\n\n\n\n<iframe src=\"https:\/\/www.google.com\/maps\/embed?pb=!1m18!1m12!1m3!1d3011.754211054152!2d29.18706685106402!3d40.986862628589506!2m3!1f0!2f0!3f0!3m2!1i1024!2i768!4f13.1!3m3!1m2!1s0x14cacf9c25f8970d%3A0x61bc2949df93ac15!2sAta%C5%9Fehir%20Ferhat%20Pa%C5%9Fa%2C%20G-77.%20Sk%20No%3A64%2C%2034888%20Dudullu%20Osb%2FAta%C5%9Fehir%2F%C4%B0stanbul!5e0!3m2!1sen!2str!4v1638740645351!5m2!1sen!2str\" width=\"100%\" height=\"450\" style=\"border:0;\" allowfullscreen=\"\" loading=\"lazy\"><\/iframe>\n\n\n\t\t<\/div>\n\t\t\t\t\n<style>\n#col-135991773 > .col-inner {\n  padding: 10px 10px 10px 10px;\n}\n<\/style>\n\t<\/div>\n\n\t\n\n<\/div>\n\n\t\t<\/div>\n\n\t\t\n<style>\n#section_1341537630 {\n  padding-top: 30px;\n  padding-bottom: 30px;\n}\n#section_1341537630 .section-bg.bg-loaded {\n  background-image: url(https:\/\/www.bagenni.com.tr\/wp-content\/uploads\/2023\/01\/full-back.jpg);\n}\n#section_1341537630 .section-bg {\n  background-position: 49% 0%;\n}\n#section_1341537630 .ux-shape-divider--top svg {\n  height: 150px;\n  --divider-top-width: 100%;\n}\n#section_1341537630 .ux-shape-divider--bottom svg {\n  height: 150px;\n  --divider-width: 100%;\n}\n<\/style>\n\t<\/section>\n\t\n\n","protected":false},"excerpt":{"rendered":"","protected":false},"author":1,"featured_media":0,"parent":0,"menu_order":0,"comment_status":"closed","ping_status":"closed","template":"page-blank.php","meta":{"inline_featured_image":false},"_links":{"self":[{"href":"https:\/\/www.bagenni.com.tr\/en\/wp-json\/wp\/v2\/pages\/129"}],"collection":[{"href":"https:\/\/www.bagenni.com.tr\/en\/wp-json\/wp\/v2\/pages"}],"about":[{"href":"https:\/\/www.bagenni.com.tr\/en\/wp-json\/wp\/v2\/types\/page"}],"author":[{"embeddable":true,"href":"https:\/\/www.bagenni.com.tr\/en\/wp-json\/wp\/v2\/users\/1"}],"replies":[{"embeddable":true,"href":"https:\/\/www.bagenni.com.tr\/en\/wp-json\/wp\/v2\/comments?post=129"}],"version-history":[{"count":2,"href":"https:\/\/www.bagenni.com.tr\/en\/wp-json\/wp\/v2\/pages\/129\/revisions"}],"predecessor-version":[{"id":131,"href":"https:\/\/www.bagenni.com.tr\/en\/wp-json\/wp\/v2\/pages\/129\/revisions\/131"}],"wp:attachment":[{"href":"https:\/\/www.bagenni.com.tr\/en\/wp-json\/wp\/v2\/media?parent=129"}],"curies":[{"name":"wp","href":"https:\/\/api.w.org\/{rel}","templated":true}]}}